{"id":822,"date":"2026-01-03T15:21:57","date_gmt":"2026-01-03T14:21:57","guid":{"rendered":"https:\/\/armusa.chela.org.ar\/archivo02\/?page_id=822"},"modified":"2026-01-03T15:44:12","modified_gmt":"2026-01-03T14:44:12","slug":"exploratorio-sonoro","status":"publish","type":"page","link":"https:\/\/armusa.chela.org.ar\/archivo02\/exploratorio-sonoro\/","title":{"rendered":"EXPLORATORIO SONORO"},"content":{"rendered":"\t\t<div data-elementor-type=\"wp-page\" data-elementor-id=\"822\" class=\"elementor elementor-822\">\n\t\t\t\t<div class=\"elementor-element elementor-element-b3cfff9 e-flex e-con-boxed e-con e-parent\" data-id=\"b3cfff9\" data-element_type=\"container\">\n\t\t\t\t\t<div class=\"e-con-inner\">\n\t\t\t\t<div class=\"elementor-element elementor-element-ff2619f elementor-widget elementor-widget-heading\" data-id=\"ff2619f\" data-element_type=\"widget\" data-widget_type=\"heading.default\">\n\t\t\t\t\t<h2 class=\"elementor-heading-title elementor-size-default\">Un archivo p\u00fablico documental sobre las tradiciones experimentales en la m\u00fasica argentina y el sonido en las artes. Los pioneros y su contexto. Del Di Tella a Experimenta.<\/h2>\t\t\t\t<\/div>\n\t\t\t\t\t<\/div>\n\t\t\t\t<\/div>\n\t\t<div class=\"elementor-element elementor-element-0fccc40 e-flex e-con-boxed e-con e-parent\" data-id=\"0fccc40\" data-element_type=\"container\">\n\t\t\t\t\t<div class=\"e-con-inner\">\n\t\t\t\t<div class=\"elementor-element elementor-element-1ef5087 elementor-widget-divider--view-line elementor-widget elementor-widget-divider\" data-id=\"1ef5087\" data-element_type=\"widget\" data-widget_type=\"divider.default\">\n\t\t\t\t\t\t\t<div class=\"elementor-divider\">\n\t\t\t<span class=\"elementor-divider-separator\">\n\t\t\t\t\t\t<\/span>\n\t\t<\/div>\n\t\t\t\t\t\t<\/div>\n\t\t<div class=\"elementor-element elementor-element-7d4f3a8 e-con-full e-grid e-con e-child\" data-id=\"7d4f3a8\" data-element_type=\"container\">\n\t\t\t\t<div class=\"elementor-element elementor-element-fe56443 elementor-widget elementor-widget-image\" data-id=\"fe56443\" data-element_type=\"widget\" data-widget_type=\"image.default\">\n\t\t\t\t\t\t\t\t\t\t\t\t<figure class=\"wp-caption\">\n\t\t\t\t\t\t\t\t\t\t<img fetchpriority=\"high\" decoding=\"async\" width=\"441\" height=\"465\" src=\"https:\/\/armusa.chela.org.ar\/archivo02\/wp-content\/uploads\/sites\/3\/2025\/11\/Kagel-chica.jpg\" class=\"attachment-large size-large wp-image-625\" alt=\"\" srcset=\"https:\/\/armusa.chela.org.ar\/archivo02\/wp-content\/uploads\/sites\/3\/2025\/11\/Kagel-chica.jpg 441w, https:\/\/armusa.chela.org.ar\/archivo02\/wp-content\/uploads\/sites\/3\/2025\/11\/Kagel-chica-285x300.jpg 285w\" sizes=\"(max-width: 441px) 100vw, 441px\" \/>\t\t\t\t\t\t\t\t\t\t\t<figcaption class=\"widget-image-caption wp-caption-text\">Mauricio Kagel en su estudio alem\u00e1n<\/figcaption>\n\t\t\t\t\t\t\t\t\t\t<\/figure>\n\t\t\t\t\t\t\t\t\t<\/div>\n\t\t\t\t<div class=\"elementor-element elementor-element-a042243 elementor-widget elementor-widget-image\" data-id=\"a042243\" data-element_type=\"widget\" data-widget_type=\"image.default\">\n\t\t\t\t\t\t\t\t\t\t\t\t<figure class=\"wp-caption\">\n\t\t\t\t\t\t\t\t\t\t<img decoding=\"async\" width=\"666\" height=\"571\" src=\"https:\/\/armusa.chela.org.ar\/archivo02\/wp-content\/uploads\/sites\/3\/2025\/11\/von-Reichenbach-corto.jpg\" class=\"attachment-large size-large wp-image-540\" alt=\"\" srcset=\"https:\/\/armusa.chela.org.ar\/archivo02\/wp-content\/uploads\/sites\/3\/2025\/11\/von-Reichenbach-corto.jpg 666w, https:\/\/armusa.chela.org.ar\/archivo02\/wp-content\/uploads\/sites\/3\/2025\/11\/von-Reichenbach-corto-300x257.jpg 300w, https:\/\/armusa.chela.org.ar\/archivo02\/wp-content\/uploads\/sites\/3\/2025\/11\/von-Reichenbach-corto-385x330.jpg 385w, https:\/\/armusa.chela.org.ar\/archivo02\/wp-content\/uploads\/sites\/3\/2025\/11\/von-Reichenbach-corto-210x180.jpg 210w\" sizes=\"(max-width: 666px) 100vw, 666px\" \/>\t\t\t\t\t\t\t\t\t\t\t<figcaption class=\"widget-image-caption wp-caption-text\">Fernando Von Reichenbach en el Claem del Di Tella<\/figcaption>\n\t\t\t\t\t\t\t\t\t\t<\/figure>\n\t\t\t\t\t\t\t\t\t<\/div>\n\t\t\t\t<\/div>\n\t\t\t\t<div class=\"elementor-element elementor-element-65823e1 elementor-widget elementor-widget-text-editor\" data-id=\"65823e1\" data-element_type=\"widget\" data-widget_type=\"text-editor.default\">\n\t\t\t\t\t\t\t\t\t<div dir=\"auto\"><span style=\"color: #993366;\"><strong>Las Vanguardias experimentales en la m\u00fasica han tenido un extenso desarrollo en nuestro pa\u00eds en la segunda mitad del siglo XX, el cual no ha sido cuidadosamente documentado en los \u00e1mbitos de investigaci\u00f3n, en los planes de estudio de academias, ni en las gestiones culturales como tampoco en los diferentes medios de divulgaci\u00f3n de nuestro medio. Este trabajo pretende actualizar la informaci\u00f3n ausente en este tiempo de saturaci\u00f3n informativa carente de trascendencia hist\u00f3rica y seriedad.<\/strong><\/span><\/div><div dir=\"auto\"><span style=\"color: #993366;\"><strong>Desde el Instituto Di Tella hasta el Ciclo Experimenta, del 60 al 2000, transcurrieron los primeros 40 a\u00f1os de esta fascinante saga que desarroll\u00f3 las t\u00e9cnicas e ideas originales que se expandieron imparablemente en el \u00faltimo cuarto de siglo en todo el pa\u00eds.\u00a0<\/strong><\/span><\/div><div dir=\"auto\"><span style=\"color: #993366;\"><strong>El proyecto busca construir un Archivo P\u00fablico Sonoro, Audiovisual y Documental de las M\u00fasicas Experimentales en Argentina en la segunda parte del siglo XX, una plataforma p\u00fablica \u00aben l\u00ednea\u00bb de informaci\u00f3n y divulgaci\u00f3n. <\/strong><\/span><\/div><div dir=\"auto\"><span style=\"color: #993366;\"><strong>La primera etapa de este proyecto consiste en recuperar, organizar, catalogar, archivar, seleccionar, clasificar y analizar documentaci\u00f3n hist\u00f3rica recabada por el investigador, realizador y productor Claudio Koremblit, creador del Archivo Armusa (una de las principales fuentes de este exploratorio), a partir de diversos registros sonoras, audiovisuales, gr\u00e1ficos, etc. que datan desde los a\u00f1os sesenta. La segunda etapa es el armado de la plataforma online propiamente dicha, con ayuda de un t\u00e9cnico especialista y diversas concepciones musicol\u00f3gicas y archiv\u00edsticas. Para subir la frondosa y exclusiva documentaci\u00f3n para su utilizaci\u00f3n p\u00fablica en formatos adecuados, tanto para investigadores profesionales como para mel\u00f3manos y curiosos. Finalmente, en una tercera etapa, se presentar\u00e1n investigaciones en textos escritos y documentales de producci\u00f3n propia, buscando tanto una mayor difusi\u00f3n como una puesta en valor de los documentos presentados.<\/strong><\/span><\/div><div dir=\"auto\"><span style=\"color: #993366;\"><strong>De esta manera podr\u00e1n encontrarse en el sitio exploratorio, testimonios in\u00e9ditos de los pioneros, im\u00e1genes de los laboratorios inici\u00e1ticos, documentos gr\u00e1ficos y biogr\u00e1ficos de cada autor, conciertos que nunca han sido puestos al acceso p\u00fablico, divulgaci\u00f3n en formato de audio (podcast) y video (documentales), textos interpretativos, explicativos y de contexto. Todo esto revelar\u00e1 la riqueza patrimonial de nuestra tradici\u00f3n experimental, en todas sus vertientes cultas y populares, buscando despertar el inter\u00e9s y abrir la percepci\u00f3n de las generaciones m\u00e1s j\u00f3venes y de aquellos que a\u00fan no han logrado acceder al encanto sorprendente de los nuevos sonidos, que ya cumplen m\u00e1s de medio siglo de trayectoria y est\u00e1n cada vez m\u00e1s integrados al campo auditivo cotidiano. Por todo esto, el Exploratorio ser\u00e1 una fuente de informaci\u00f3n imprescindible para conocer la memoria viva de las m\u00fasicas m\u00e1s removedoras de nuestra tierra, en sinton\u00eda con las coordenadas internacionales de los mismos movimientos.<\/strong><\/span><\/div><div dir=\"auto\">\u00a0<\/div>\t\t\t\t\t\t\t\t<\/div>\n\t\t\t\t\t<\/div>\n\t\t\t\t<\/div>\n\t\t<div class=\"elementor-element elementor-element-3121b5f e-grid e-con-full e-con e-parent\" data-id=\"3121b5f\" data-element_type=\"container\">\n\t\t\t\t<\/div>\n\t\t\t\t<\/div>\n\t\t","protected":false},"excerpt":{"rendered":"<p>Un archivo p\u00fablico documental sobre las tradiciones experimentales en la m\u00fasica argentina y el sonido en las artes. Los pioneros y su contexto. Del Di Tella a Experimenta. Mauricio Kagel en su estudio alem\u00e1n Fernando Von Reichenbach en el Claem del Di Tella Las Vanguardias experimentales en la m\u00fasica han tenido un extenso desarrollo en [&hellip;]<\/p>\n","protected":false},"author":2,"featured_media":625,"parent":0,"menu_order":0,"comment_status":"closed","ping_status":"closed","template":"","meta":{"footnotes":""},"class_list":["post-822","page","type-page","status-publish","has-post-thumbnail","hentry"],"yoast_head":"<!-- This site is optimized with the Yoast SEO plugin v26.8 - https:\/\/yoast.com\/product\/yoast-seo-wordpress\/ -->\n<title>EXPLORATORIO SONORO - ARMUSA (archivo musical sudamericano)<\/title>\n<meta name=\"robots\" content=\"index, follow, max-snippet:-1, max-image-preview:large, max-video-preview:-1\" \/>\n<link rel=\"canonical\" href=\"https:\/\/armusa.chela.org.ar\/archivo02\/exploratorio-sonoro\/\" \/>\n<meta property=\"og:locale\" content=\"es_ES\" \/>\n<meta property=\"og:type\" content=\"article\" \/>\n<meta property=\"og:title\" content=\"EXPLORATORIO SONORO - ARMUSA (archivo musical sudamericano)\" \/>\n<meta property=\"og:description\" content=\"Un archivo p\u00fablico documental sobre las tradiciones experimentales en la m\u00fasica argentina y el sonido en las artes. Los pioneros y su contexto. Del Di Tella a Experimenta. Mauricio Kagel en su estudio alem\u00e1n Fernando Von Reichenbach en el Claem del Di Tella Las Vanguardias experimentales en la m\u00fasica han tenido un extenso desarrollo en [&hellip;]\" \/>\n<meta property=\"og:url\" content=\"https:\/\/armusa.chela.org.ar\/archivo02\/exploratorio-sonoro\/\" \/>\n<meta property=\"og:site_name\" content=\"ARMUSA (archivo musical sudamericano)\" \/>\n<meta property=\"article:modified_time\" content=\"2026-01-03T14:44:12+00:00\" \/>\n<meta property=\"og:image\" content=\"https:\/\/armusa.chela.org.ar\/archivo02\/wp-content\/uploads\/sites\/3\/2025\/11\/Kagel-chica.jpg\" \/>\n\t<meta property=\"og:image:width\" content=\"441\" \/>\n\t<meta property=\"og:image:height\" content=\"465\" \/>\n\t<meta property=\"og:image:type\" content=\"image\/jpeg\" \/>\n<meta name=\"twitter:card\" content=\"summary_large_image\" \/>\n<meta name=\"twitter:label1\" content=\"Tiempo de lectura\" \/>\n\t<meta name=\"twitter:data1\" content=\"3 minutos\" \/>\n<script type=\"application\/ld+json\" class=\"yoast-schema-graph\">{\"@context\":\"https:\/\/schema.org\",\"@graph\":[{\"@type\":\"WebPage\",\"@id\":\"https:\/\/armusa.chela.org.ar\/archivo02\/exploratorio-sonoro\/\",\"url\":\"https:\/\/armusa.chela.org.ar\/archivo02\/exploratorio-sonoro\/\",\"name\":\"EXPLORATORIO SONORO - ARMUSA (archivo musical sudamericano)\",\"isPartOf\":{\"@id\":\"https:\/\/armusa.chela.org.ar\/archivo02\/#website\"},\"primaryImageOfPage\":{\"@id\":\"https:\/\/armusa.chela.org.ar\/archivo02\/exploratorio-sonoro\/#primaryimage\"},\"image\":{\"@id\":\"https:\/\/armusa.chela.org.ar\/archivo02\/exploratorio-sonoro\/#primaryimage\"},\"thumbnailUrl\":\"https:\/\/armusa.chela.org.ar\/archivo02\/wp-content\/uploads\/sites\/3\/2025\/11\/Kagel-chica.jpg\",\"datePublished\":\"2026-01-03T14:21:57+00:00\",\"dateModified\":\"2026-01-03T14:44:12+00:00\",\"breadcrumb\":{\"@id\":\"https:\/\/armusa.chela.org.ar\/archivo02\/exploratorio-sonoro\/#breadcrumb\"},\"inLanguage\":\"es\",\"potentialAction\":[{\"@type\":\"ReadAction\",\"target\":[\"https:\/\/armusa.chela.org.ar\/archivo02\/exploratorio-sonoro\/\"]}]},{\"@type\":\"ImageObject\",\"inLanguage\":\"es\",\"@id\":\"https:\/\/armusa.chela.org.ar\/archivo02\/exploratorio-sonoro\/#primaryimage\",\"url\":\"https:\/\/armusa.chela.org.ar\/archivo02\/wp-content\/uploads\/sites\/3\/2025\/11\/Kagel-chica.jpg\",\"contentUrl\":\"https:\/\/armusa.chela.org.ar\/archivo02\/wp-content\/uploads\/sites\/3\/2025\/11\/Kagel-chica.jpg\",\"width\":441,\"height\":465},{\"@type\":\"BreadcrumbList\",\"@id\":\"https:\/\/armusa.chela.org.ar\/archivo02\/exploratorio-sonoro\/#breadcrumb\",\"itemListElement\":[{\"@type\":\"ListItem\",\"position\":1,\"name\":\"Portada\",\"item\":\"https:\/\/armusa.chela.org.ar\/archivo02\/\"},{\"@type\":\"ListItem\",\"position\":2,\"name\":\"EXPLORATORIO SONORO\"}]},{\"@type\":\"WebSite\",\"@id\":\"https:\/\/armusa.chela.org.ar\/archivo02\/#website\",\"url\":\"https:\/\/armusa.chela.org.ar\/archivo02\/\",\"name\":\"ARMUSA\",\"description\":\"\",\"publisher\":{\"@id\":\"https:\/\/armusa.chela.org.ar\/archivo02\/#organization\"},\"potentialAction\":[{\"@type\":\"SearchAction\",\"target\":{\"@type\":\"EntryPoint\",\"urlTemplate\":\"https:\/\/armusa.chela.org.ar\/archivo02\/?s={search_term_string}\"},\"query-input\":{\"@type\":\"PropertyValueSpecification\",\"valueRequired\":true,\"valueName\":\"search_term_string\"}}],\"inLanguage\":\"es\"},{\"@type\":\"Organization\",\"@id\":\"https:\/\/armusa.chela.org.ar\/archivo02\/#organization\",\"name\":\"ARMUSA\",\"url\":\"https:\/\/armusa.chela.org.ar\/archivo02\/\",\"logo\":{\"@type\":\"ImageObject\",\"inLanguage\":\"es\",\"@id\":\"https:\/\/armusa.chela.org.ar\/archivo02\/#\/schema\/logo\/image\/\",\"url\":\"https:\/\/armusa.chela.org.ar\/archivo02\/wp-content\/uploads\/sites\/3\/2025\/10\/armport9876543333234567-chico-scaled.jpg\",\"contentUrl\":\"https:\/\/armusa.chela.org.ar\/archivo02\/wp-content\/uploads\/sites\/3\/2025\/10\/armport9876543333234567-chico-scaled.jpg\",\"width\":2560,\"height\":1297,\"caption\":\"ARMUSA\"},\"image\":{\"@id\":\"https:\/\/armusa.chela.org.ar\/archivo02\/#\/schema\/logo\/image\/\"}}]}<\/script>\n<!-- \/ Yoast SEO plugin. -->","yoast_head_json":{"title":"EXPLORATORIO SONORO - ARMUSA (archivo musical sudamericano)","robots":{"index":"index","follow":"follow","max-snippet":"max-snippet:-1","max-image-preview":"max-image-preview:large","max-video-preview":"max-video-preview:-1"},"canonical":"https:\/\/armusa.chela.org.ar\/archivo02\/exploratorio-sonoro\/","og_locale":"es_ES","og_type":"article","og_title":"EXPLORATORIO SONORO - ARMUSA (archivo musical sudamericano)","og_description":"Un archivo p\u00fablico documental sobre las tradiciones experimentales en la m\u00fasica argentina y el sonido en las artes. Los pioneros y su contexto. Del Di Tella a Experimenta. Mauricio Kagel en su estudio alem\u00e1n Fernando Von Reichenbach en el Claem del Di Tella Las Vanguardias experimentales en la m\u00fasica han tenido un extenso desarrollo en [&hellip;]","og_url":"https:\/\/armusa.chela.org.ar\/archivo02\/exploratorio-sonoro\/","og_site_name":"ARMUSA (archivo musical sudamericano)","article_modified_time":"2026-01-03T14:44:12+00:00","og_image":[{"width":441,"height":465,"url":"https:\/\/armusa.chela.org.ar\/archivo02\/wp-content\/uploads\/sites\/3\/2025\/11\/Kagel-chica.jpg","type":"image\/jpeg"}],"twitter_card":"summary_large_image","twitter_misc":{"Tiempo de lectura":"3 minutos"},"schema":{"@context":"https:\/\/schema.org","@graph":[{"@type":"WebPage","@id":"https:\/\/armusa.chela.org.ar\/archivo02\/exploratorio-sonoro\/","url":"https:\/\/armusa.chela.org.ar\/archivo02\/exploratorio-sonoro\/","name":"EXPLORATORIO SONORO - ARMUSA (archivo musical sudamericano)","isPartOf":{"@id":"https:\/\/armusa.chela.org.ar\/archivo02\/#website"},"primaryImageOfPage":{"@id":"https:\/\/armusa.chela.org.ar\/archivo02\/exploratorio-sonoro\/#primaryimage"},"image":{"@id":"https:\/\/armusa.chela.org.ar\/archivo02\/exploratorio-sonoro\/#primaryimage"},"thumbnailUrl":"https:\/\/armusa.chela.org.ar\/archivo02\/wp-content\/uploads\/sites\/3\/2025\/11\/Kagel-chica.jpg","datePublished":"2026-01-03T14:21:57+00:00","dateModified":"2026-01-03T14:44:12+00:00","breadcrumb":{"@id":"https:\/\/armusa.chela.org.ar\/archivo02\/exploratorio-sonoro\/#breadcrumb"},"inLanguage":"es","potentialAction":[{"@type":"ReadAction","target":["https:\/\/armusa.chela.org.ar\/archivo02\/exploratorio-sonoro\/"]}]},{"@type":"ImageObject","inLanguage":"es","@id":"https:\/\/armusa.chela.org.ar\/archivo02\/exploratorio-sonoro\/#primaryimage","url":"https:\/\/armusa.chela.org.ar\/archivo02\/wp-content\/uploads\/sites\/3\/2025\/11\/Kagel-chica.jpg","contentUrl":"https:\/\/armusa.chela.org.ar\/archivo02\/wp-content\/uploads\/sites\/3\/2025\/11\/Kagel-chica.jpg","width":441,"height":465},{"@type":"BreadcrumbList","@id":"https:\/\/armusa.chela.org.ar\/archivo02\/exploratorio-sonoro\/#breadcrumb","itemListElement":[{"@type":"ListItem","position":1,"name":"Portada","item":"https:\/\/armusa.chela.org.ar\/archivo02\/"},{"@type":"ListItem","position":2,"name":"EXPLORATORIO SONORO"}]},{"@type":"WebSite","@id":"https:\/\/armusa.chela.org.ar\/archivo02\/#website","url":"https:\/\/armusa.chela.org.ar\/archivo02\/","name":"ARMUSA","description":"","publisher":{"@id":"https:\/\/armusa.chela.org.ar\/archivo02\/#organization"},"potentialAction":[{"@type":"SearchAction","target":{"@type":"EntryPoint","urlTemplate":"https:\/\/armusa.chela.org.ar\/archivo02\/?s={search_term_string}"},"query-input":{"@type":"PropertyValueSpecification","valueRequired":true,"valueName":"search_term_string"}}],"inLanguage":"es"},{"@type":"Organization","@id":"https:\/\/armusa.chela.org.ar\/archivo02\/#organization","name":"ARMUSA","url":"https:\/\/armusa.chela.org.ar\/archivo02\/","logo":{"@type":"ImageObject","inLanguage":"es","@id":"https:\/\/armusa.chela.org.ar\/archivo02\/#\/schema\/logo\/image\/","url":"https:\/\/armusa.chela.org.ar\/archivo02\/wp-content\/uploads\/sites\/3\/2025\/10\/armport9876543333234567-chico-scaled.jpg","contentUrl":"https:\/\/armusa.chela.org.ar\/archivo02\/wp-content\/uploads\/sites\/3\/2025\/10\/armport9876543333234567-chico-scaled.jpg","width":2560,"height":1297,"caption":"ARMUSA"},"image":{"@id":"https:\/\/armusa.chela.org.ar\/archivo02\/#\/schema\/logo\/image\/"}}]}},"_links":{"self":[{"href":"https:\/\/armusa.chela.org.ar\/archivo02\/wp-json\/wp\/v2\/pages\/822","targetHints":{"allow":["GET"]}}],"collection":[{"href":"https:\/\/armusa.chela.org.ar\/archivo02\/wp-json\/wp\/v2\/pages"}],"about":[{"href":"https:\/\/armusa.chela.org.ar\/archivo02\/wp-json\/wp\/v2\/types\/page"}],"author":[{"embeddable":true,"href":"https:\/\/armusa.chela.org.ar\/archivo02\/wp-json\/wp\/v2\/users\/2"}],"replies":[{"embeddable":true,"href":"https:\/\/armusa.chela.org.ar\/archivo02\/wp-json\/wp\/v2\/comments?post=822"}],"version-history":[{"count":13,"href":"https:\/\/armusa.chela.org.ar\/archivo02\/wp-json\/wp\/v2\/pages\/822\/revisions"}],"predecessor-version":[{"id":837,"href":"https:\/\/armusa.chela.org.ar\/archivo02\/wp-json\/wp\/v2\/pages\/822\/revisions\/837"}],"wp:featuredmedia":[{"embeddable":true,"href":"https:\/\/armusa.chela.org.ar\/archivo02\/wp-json\/wp\/v2\/media\/625"}],"wp:attachment":[{"href":"https:\/\/armusa.chela.org.ar\/archivo02\/wp-json\/wp\/v2\/media?parent=822"}],"curies":[{"name":"wp","href":"https:\/\/api.w.org\/{rel}","templated":true}]}}